{"id":202,"date":"2010-01-30T20:00:31","date_gmt":"2010-01-30T19:00:31","guid":{"rendered":"http:\/\/www.klapperland.de\/wpress\/?page_id=202"},"modified":"2010-05-18T21:56:18","modified_gmt":"2010-05-18T19:56:18","slug":"warum-gibt-es-diese-seite","status":"publish","type":"page","link":"https:\/\/steffen.klapperland.de\/?page_id=202","title":{"rendered":"Warum gibt es diese Seite"},"content":{"rendered":"<p>Hallo.<\/p>\n<p>Nachdem Joomla mir zu m\u00e4chtig ist, nur um ein paar Seiten ins Internet zu stellen und Leuten die M\u00f6glichkeit zu geben Kommentare zu hinterlassen und JAlbum zu minimal, versuche ich mal mein Gl\u00fcck mit WordPress.<\/p>\n<p>Was wirst Du hier finden?<\/p>\n<ul>\n<li>lustige\/schr\u00e4ge\/interessante Videos und Bilder die ich irgendwo im WeltWeitenWarten gefunden habe<\/li>\n<li>Bider von, \u00fcber, mit mir<\/li>\n<li>Irgendwas wo ich meinen Senf dazugeben mu\u00df<\/li>\n<li>paar Infos \u00fcber Moppedtouren<\/li>\n<\/ul>\n<p>Steffen<\/p>\n","protected":false},"excerpt":{"rendered":"<p>Hallo. Nachdem Joomla mir zu m\u00e4chtig ist, nur um ein paar Seiten ins Internet zu stellen und Leuten die M\u00f6glichkeit zu geben Kommentare zu hinterlassen und JAlbum zu minimal, versuche ich mal mein Gl\u00fcck mit WordPress. Was wirst Du hier finden? lustige\/schr\u00e4ge\/interessante Videos und Bilder die ich irgendwo im WeltWeitenWarten gefunden habe Bider von, \u00fcber, [&hellip;]<\/p>\n","protected":false},"author":2,"featured_media":0,"parent":0,"menu_order":0,"comment_status":"closed","ping_status":"closed","template":"","meta":{"footnotes":""},"class_list":["post-202","page","type-page","status-publish","hentry"],"jetpack_sharing_enabled":true,"_links":{"self":[{"href":"https:\/\/steffen.klapperland.de\/index.php?rest_route=\/wp\/v2\/pages\/202","targetHints":{"allow":["GET"]}}],"collection":[{"href":"https:\/\/steffen.klapperland.de\/index.php?rest_route=\/wp\/v2\/pages"}],"about":[{"href":"https:\/\/steffen.klapperland.de\/index.php?rest_route=\/wp\/v2\/types\/page"}],"author":[{"embeddable":true,"href":"https:\/\/steffen.klapperland.de\/index.php?rest_route=\/wp\/v2\/users\/2"}],"replies":[{"embeddable":true,"href":"https:\/\/steffen.klapperland.de\/index.php?rest_route=%2Fwp%2Fv2%2Fcomments&post=202"}],"version-history":[{"count":2,"href":"https:\/\/steffen.klapperland.de\/index.php?rest_route=\/wp\/v2\/pages\/202\/revisions"}],"predecessor-version":[{"id":425,"href":"https:\/\/steffen.klapperland.de\/index.php?rest_route=\/wp\/v2\/pages\/202\/revisions\/425"}],"wp:attachment":[{"href":"https:\/\/steffen.klapperland.de\/index.php?rest_route=%2Fwp%2Fv2%2Fmedia&parent=202"}],"curies":[{"name":"wp","href":"https:\/\/api.w.org\/{rel}","templated":true}]}}